{"id":5,"date":"2020-01-13T11:17:52","date_gmt":"2020-01-13T11:17:52","guid":{"rendered":"https:\/\/demosites.io\/web-agency-gb\/?page_id=5"},"modified":"2026-03-29T23:10:12","modified_gmt":"2026-03-29T23:10:12","slug":"15c42-web-agency-gb-home","status":"publish","type":"page","link":"https:\/\/sonia.etsmtl.ca\/fr\/","title":{"rendered":"Accueil"},"content":{"rendered":"<div class=\"wp-block-cover alignfull has-parallax is-position-center-center\" style=\"border-radius:0px\"><div class=\"wp-block-cover__image-background wp-image-17402 has-parallax\" style=\"background-position:50% 50%;background-image:url(https:\/\/sonia.etsmtl.ca\/wp-content\/uploads\/2021\/12\/dive1-scaled.jpg)\"><\/div><span aria-hidden=\"true\" class=\"wp-block-cover__background has-black-background-color has-background-dim-40 has-background-dim\"><\/span><div class=\"wp-block-cover__inner-container is-layout-flow wp-block-cover-is-layout-flow\">\n<div class=\"wp-block-group has-global-padding is-layout-constrained wp-block-group-is-layout-constrained\">\n<h3 class=\"wp-block-heading has-text-align-center has-text-color has-medium-font-size\" style=\"color:#fffffa;text-transform:uppercase\">Depuis 1999<\/h3>\n\n\n\n<p class=\"has-text-align-center\">Depuis la cr\u00e9ation de S.O.N.I.A, enseignants et \u00e9tudiants de l\u2019\u00c9cole de technologies sup\u00e9rieur travaillent main dans la main pour construire des v\u00e9hicules sous-marins autonomes.<\/p>\n\n\n\n<p class=\"has-text-align-center\">Ann\u00e9e apr\u00e8s ann\u00e9e, nos partenaires rendent notre objectif possible\u2026<\/p>\n\n\n\n<p class=\"has-text-align-center\">D\u00e9passez le bassin de connaissances tout en innovant dans notre domaine !  <\/p>\n\n\n\n<div class=\"wp-block-buttons is-content-justification-center is-layout-flex wp-container-core-buttons-is-layout-86e1f5e2 wp-block-buttons-is-layout-flex\">\n<div class=\"wp-block-button\"><a class=\"wp-block-button__link wp-element-button\" href=\"https:\/\/sonia.etsmtl.ca\/fr\/overview\/\">EN APPRENDRE PLUS<\/a><\/div>\n<\/div>\n\n\n\n<div style=\"height:31px\" aria-hidden=\"true\" class=\"wp-block-spacer\"><\/div>\n<\/div>\n<\/div><\/div>\n\n\n\n<div id=\"wp-block-themeisle-blocks-advanced-columns-32c7d1b6\" class=\"wp-block-themeisle-blocks-advanced-columns has-1-columns has-desktop-equal-layout has-tablet-equal-layout has-mobile-equal-layout has-vertical-unset\"><div class=\"wp-block-themeisle-blocks-advanced-columns-overlay\"><\/div><div class=\"innerblocks-wrap\">\n<div id=\"wp-block-themeisle-blocks-advanced-column-fd86849b\" class=\"wp-block-themeisle-blocks-advanced-column\">\n<div id=\"wp-block-themeisle-blocks-advanced-columns-dfd643f3\" class=\"wp-block-themeisle-blocks-advanced-columns alignfull has-1-columns has-desktop-equal-layout has-tablet-equal-layout has-mobile-collapsedRows-layout has-reverse-columns-mobile has-vertical-center ticss-c00aadba\"><div class=\"wp-block-themeisle-blocks-advanced-columns-overlay\"><\/div><div class=\"innerblocks-wrap\">\n<div id=\"wp-block-themeisle-blocks-advanced-column-9136d16a\" class=\"wp-block-themeisle-blocks-advanced-column\">\n<div style=\"height:39px\" aria-hidden=\"true\" class=\"wp-block-spacer\"><\/div>\n<\/div>\n<\/div><\/div>\n<\/div>\n<\/div><\/div>\n\n\n\n<div class=\"wp-block-columns is-layout-flex wp-container-core-columns-is-layout-28f84493 wp-block-columns-is-layout-flex\">\n<div class=\"wp-block-column is-layout-flow wp-block-column-is-layout-flow\">\n<div id=\"wp-block-themeisle-blocks-advanced-columns-784450ff\" class=\"wp-block-themeisle-blocks-advanced-columns alignfull has-1-columns has-desktop-equal-layout has-tablet-equal-layout has-mobile-collapsedRows-layout has-vertical-center ticss-c00aadba\"><div class=\"wp-block-themeisle-blocks-advanced-columns-overlay\"><\/div><div class=\"innerblocks-wrap\">\n<div id=\"wp-block-themeisle-blocks-advanced-column-d0fbfc0a\" class=\"wp-block-themeisle-blocks-advanced-column\">\n<div id=\"wp-block-themeisle-blocks-advanced-columns-8085ff1f\" class=\"wp-block-themeisle-blocks-advanced-columns has-3-columns has-desktop-equal-layout has-tablet-equal-layout has-mobile-collapsedRows-layout has-vertical-top\"><div class=\"wp-block-themeisle-blocks-advanced-columns-overlay\"><\/div><div class=\"innerblocks-wrap\">\n<div id=\"wp-block-themeisle-blocks-advanced-column-dfb15c39\" class=\"wp-block-themeisle-blocks-advanced-column\">\n<div id=\"wp-block-themeisle-blocks-font-awesome-icons-c5fd27f1\" class=\"wp-block-themeisle-blocks-font-awesome-icons\"><span class=\"wp-block-themeisle-blocks-font-awesome-icons-container\"><svg xmlns=\"http:\/\/www.w3.org\/2000\/svg\" viewbox=\"0 0 1800 1800\"><path d=\"M1635.687,1278.4c-47.769,0-88.294,31.611-101.762,75.016h-145.789v-349.629h73.367 c4.988,0.22,9.674,0.326,14.307,0.326c4.782,0,9.635-0.115,14.817-0.348c0.079-0.005,0.158-0.01,0.237-0.01 c173.133-7.938,308.756-150.018,308.756-323.454c0-134.669-81.956-253.44-205.979-301.697 c-14.456-100.161-63.179-192.209-138.563-260.994c-80.945-73.862-185.92-114.539-295.579-114.539 c-137.799,0-266.188,64.115-349.019,172.916c-45.162-22.9-95.19-34.891-146.321-34.891c-139.064,0-261.005,87.974-305.833,217.184 c-11.335-1.191-22.746-1.793-34.13-1.793C145.642,356.487,0.38,501.749,0.38,680.302c0,178.549,145.262,323.812,323.815,323.812 c5.393,0,10.958-0.146,16.592-0.436c0.875,0.074,1.758,0.109,2.65,0.109h72.515v349.629h-145.79 c-13.467-43.404-53.993-75.016-101.761-75.016c-58.735,0-106.521,47.787-106.521,106.521c0,58.735,47.786,106.521,106.521,106.521 c47.769,0,88.294-31.611,101.761-75.016h177.295c17.401,0,31.506-14.104,31.506-31.506v-381.135h194.534v586.93 c-43.404,13.463-75.016,53.988-75.016,101.762c0,58.735,47.787,106.521,106.521,106.521s106.521-47.786,106.521-106.521 c0-47.773-31.611-88.299-75.016-101.762v-586.93h331.067v586.93c-43.403,13.463-75.016,53.988-75.016,101.762 c0,58.735,47.787,106.521,106.521,106.521c58.735,0,106.522-47.786,106.522-106.521c0-47.773-31.612-88.299-75.016-101.762v-586.93 h194.534v381.135c0,17.401,14.104,31.506,31.506,31.506h177.295c13.468,43.404,53.993,75.016,101.762,75.016 c58.735,0,106.521-47.786,106.521-106.521C1742.208,1326.188,1694.422,1278.4,1635.687,1278.4z M168.401,1428.432 c-23.99,0-43.51-19.52-43.51-43.51s19.52-43.51,43.51-43.51c23.99,0,43.51,19.52,43.51,43.51S192.391,1428.432,168.401,1428.432z M705.004,1735.988c-23.99,0-43.51-19.52-43.51-43.51s19.52-43.51,43.51-43.51s43.51,19.52,43.51,43.51 S728.994,1735.988,705.004,1735.988z M1099.083,1735.988c-23.989,0-43.509-19.52-43.509-43.51s19.52-43.51,43.509-43.51 c23.99,0,43.51,19.52,43.51,43.51S1123.073,1735.988,1099.083,1735.988z M341.398,940.525c-5.886,0.382-11.674,0.575-17.204,0.575 c-143.807,0-260.803-116.996-260.803-260.799c0-143.807,116.996-260.803,260.803-260.803c16.909,0,33.875,1.644,50.428,4.883 c16.469,3.2,32.53-7.002,36.608-23.247c29.133-116.007,133.14-197.026,252.927-197.026c49.272,0,97.252,13.81,138.753,39.941 c14.479,9.116,33.615,5.006,43.062-9.279c69.877-105.629,187.079-168.687,313.525-168.687c194.314,0,355.039,145.629,373.86,338.749 c1.222,12.531,9.784,23.133,21.783,26.961c108.539,34.626,181.467,134.493,181.467,248.509c0,139.628-109.119,254.017-248.452,260.5 c-0.065,0-0.127,0.005-0.193,0.009c-8.602,0.387-15.744,0.387-24.311,0c-0.479-0.021-0.963-0.035-1.441-0.035H347.895 C345.763,940.468,343.587,940.385,341.398,940.525z M1635.687,1428.432c-23.99,0-43.51-19.52-43.51-43.51s19.52-43.51,43.51-43.51 s43.51,19.52,43.51,43.51S1659.677,1428.432,1635.687,1428.432z\"><\/path><\/svg><\/span><\/div>\n\n\n\n<h3 id=\"wp-block-themeisle-blocks-advanced-heading-3147d135\" class=\"wp-block-themeisle-blocks-advanced-heading wp-block-themeisle-blocks-advanced-heading-3147d135\">Enti\u00e8rement autonome<\/h3>\n\n\n\n<p class=\"has-text-align-center\">Ind\u00e9pendamment de toute interaction humaine, nos prototypes ont la capacit\u00e9 de fonctionner dans le cadre de notre syst\u00e8me d\u2019intelligence artificielle.<\/p>\n<\/div>\n\n\n\n<div id=\"wp-block-themeisle-blocks-advanced-column-ec09b220\" class=\"wp-block-themeisle-blocks-advanced-column ticss-ec09b220\">\n<div id=\"wp-block-themeisle-blocks-font-awesome-icons-1225333d\" class=\"wp-block-themeisle-blocks-font-awesome-icons\"><span class=\"wp-block-themeisle-blocks-font-awesome-icons-container\"><svg xmlns=\"http:\/\/www.w3.org\/2000\/svg\" viewbox=\"0 0 1800 1800\"><path d=\"M1583.266,1262.444c-155.105,155.105-361.327,240.526-580.678,240.526 c-219.35,0-425.572-85.421-580.677-240.526c-155.107-155.104-240.528-361.33-240.533-580.682 c0-219.354,85.42-425.578,240.528-580.685c12.336-12.333,12.336-32.328,0.004-44.663c-12.333-12.33-32.328-12.334-44.661,0 c-167.044,167.036-259.035,389.124-259.035,625.35c0.004,236.219,91.995,458.312,259.03,625.348 c164.65,164.647,378.605,250.606,594.774,258.019v168.973H656.207c-17.443,0-31.581,14.134-31.581,31.582 c0,17.439,14.138,31.582,31.581,31.582h694.789c17.446,0,31.582-14.143,31.582-31.582c0-17.448-14.136-31.582-31.582-31.582 h-315.814V1565.06c215.475-7.878,428.613-93.819,592.751-257.947c12.327-12.337,12.327-32.331,0-44.668 C1615.596,1250.118,1595.601,1250.118,1583.266,1262.444z\"><\/path><path d=\"M389.367,972.961c77.779,163.801,214.692,287.502,385.518,348.33  c73.614,26.205,150.222,39.503,227.686,39.503c0.018,0,0,0,0.018,0c286.303,0,543.235-181.269,639.417-451.066  c0.044-0.106,0.079-0.211,0.114-0.317c60.801-170.812,51.453-355.075-26.32-518.855c-77.783-163.798-214.698-287.5-385.524-348.318  c-73.613-26.214-150.214-39.504-227.669-39.504c-286.417,0-543.43,181.375-639.542,451.326  C302.245,624.884,311.585,809.167,389.367,972.961z M446.42,945.868c-14.949-31.48-27.083-63.803-36.441-96.662  c0.838-0.817,1.635-1.688,2.393-2.615c43.204-53.021,175.521-186.786,267.388-169.374c40.816,7.734,75.588,0.683,103.345-20.987  c59.436-46.395,65.115-144.487,68.508-203.097c0.304-5.273,0.585-10.158,0.89-14.563c1.921-27.88-5.944-61.956-13.553-94.909  c-5.899-25.545-18.174-78.703-10.19-88.554c0,0,0.326-0.213,1.207-0.476c31.467-9.322,74.722-45.061,128.569-106.224  c34.64-39.342,53.788-64.954,64.274-82.143c42.879,1.416,85.402,7.333,127.145,17.683  c-48.473,39.591-108.728,101.778-99.846,161.004c5.912,39.446,38.252,67.783,96.119,84.221  c193.551,54.985,221.572,85.758,248.914,183.415c21.281,75.993,90.735,136.785,153.167,136.776c3.895,0,7.772-0.235,11.605-0.72  c13.498-1.711,35.934-7.961,55.487-29.354c7.947,77.48,0.951,156.189-21.123,232.574c-28.98-13.875-71.842-27.887-117.522-20.267  c-65.101,10.863-98.348-100.23-114.825-195.311c-18.506-106.747-79.05-109.385-104.218-105.567  c-63.232,9.585-128.625,93.667-120.642,155.116c7.473,57.486-37.309,155.165-77.844,191.843c-5.7,5.159-31.643-5.928-48.816-13.266  c-40.667-17.375-108.723-46.45-157.769,17.456c-48.292,62.918-179.892,224.911-229.164,285.42  C548.817,1109.103,488.206,1033.868,446.42,945.868z M1002.57,1297.631c-70.23,0-139.705-12.063-206.502-35.846  c-42.724-15.211-83.096-34.781-120.66-58.238c51.531-63.312,179.518-220.92,227.339-283.219  c16.684-21.741,33.549-18.894,82.852,2.167c35.775,15.28,80.301,34.305,116.007,2.019  c54.984-49.751,108.622-165.878,98.102-246.822c-3.261-25.092,36.524-79.834,67.479-84.524  c20.444-3.06,29.521,36.665,32.508,53.903c15.183,87.606,37.001,150.184,66.705,191.308  c40.305,55.805,87.915,60.994,120.739,55.521c33.184-5.524,66.211,7.53,86.408,18.168  C1480.105,1143.715,1253.828,1297.64,1002.57,1297.631z M1558.742,417.648c12.513,26.35,23.034,53.29,31.635,80.635  c-1.869,52.173-16.073,84.869-38.403,87.697c-30.663,3.879-81.065-37.067-96.003-90.422  c-36.04-128.711-87.977-169.047-292.481-227.144c-30.522-8.673-49.081-20.633-50.913-32.815  c-4.67-31.031,58.112-91.087,111.345-128.366C1371.941,164.149,1490.461,273.863,1558.742,417.648z M422.567,475.245  C502.993,249.357,707.646,91.966,942.826,68.929c-38.164,47.875-100.911,116.285-130.8,125.143  c-67.802,20.089-48.624,103.151-34.622,163.8c6.569,28.444,13.359,57.86,12.086,76.354c-0.318,4.613-0.617,9.732-0.935,15.257  c-2.595,44.788-7.419,128.156-44.314,156.956c-12.984,10.14-30.233,12.986-52.708,8.721  c-63.978-12.114-139.323,17.366-224.004,87.655c-30.065,24.959-55.778,50.538-74.142,70.084  C378.453,673.931,388.05,572.199,422.567,475.245z\"><\/path><path d=\"M1035.578,629.173L1035.578,629.173c11.941,0,23.121-3.231,33.23-9.603 c37.053-23.346,52.023-62.746,65.241-97.506c9.993-26.279,19.422-51.1,36.604-67.192c16.565-15.509,22.1-35.773,14.821-54.208 c-8.874-22.458-33.776-35.337-68.31-35.337c-59.857,0-137.49,36.837-212.991,101.066c-11.635,9.902-14.518,26.715-6.838,39.926 C914.091,535.139,973.579,629.169,1035.578,629.173z M1109.791,428.827c-16.354,22.318-26.013,47.727-34.78,70.793 c-11.059,29.075-20.61,54.201-39.679,66.386c-13.183-0.397-43.514-31.319-69.031-68.74 C1038.116,441.573,1088.202,430.667,1109.791,428.827z\"><\/path><\/svg><\/span><\/div>\n\n\n\n<h3 id=\"wp-block-themeisle-blocks-advanced-heading-869a9c1f\" class=\"wp-block-themeisle-blocks-advanced-heading wp-block-themeisle-blocks-advanced-heading-869a9c1f\">Libre d'acces<\/h3>\n\n\n\n<p class=\"has-text-align-center\">S.O.N.I.A est un club universitaire, tous les travaux sont ouverts au public via GitHub.<\/p>\n<\/div>\n\n\n\n<div id=\"wp-block-themeisle-blocks-advanced-column-adbc5601\" class=\"wp-block-themeisle-blocks-advanced-column\">\n<div id=\"wp-block-themeisle-blocks-font-awesome-icons-2851bd4e\" class=\"wp-block-themeisle-blocks-font-awesome-icons\"><span class=\"wp-block-themeisle-blocks-font-awesome-icons-container\"><svg xmlns=\"http:\/\/www.w3.org\/2000\/svg\" viewbox=\"0 0 1800 1800\"><path d=\"M900.114,54.882c-329.509,0-597.583,268.077-597.583,597.59c0,219.592,118.159,418.518,309.714,523.794 v152.835h-0.127v122.121h-0.172v185.238h172.682c3.58,60.518,53.924,108.656,115.315,108.656 c61.39,0,111.736-48.139,115.31-108.656h172.571v-122.122h0.177v-185.237h-0.019v-152.835 c191.557-105.276,309.715-304.203,309.715-523.794C1497.697,322.959,1229.623,54.882,900.114,54.882z M675.235,1392.218h449.649 v59.005H675.235V1392.218z M899.943,1682.002c-29.441,0-48.627-22.507-51.876-45.541h103.788 C948.464,1662.119,926.504,1682.002,899.943,1682.002z M1124.708,1573.344H675.063v-59.005h449.645V1573.344z M1142.116,1129.132 l-17.25,8.778v189.457H931.559V861l187.201-187.21c12.323-12.323,12.323-32.302-0.005-44.63 c-12.318-12.318-32.302-12.323-44.629,0.004L900,803.299L725.875,629.165c-12.323-12.323-32.307-12.328-44.63-0.004 c-12.328,12.328-12.328,32.307-0.005,44.63L868.441,861v466.367H675.362V1137.91l-17.249-8.778 c-180.4-91.778-292.465-274.427-292.465-476.66c0-294.71,239.761-534.471,534.466-534.471 c294.706,0,534.466,239.761,534.466,534.471C1434.58,854.705,1322.516,1037.354,1142.116,1129.132z\"><\/path><path d=\"M1066.667,246.225c-17.43,0-31.558,14.128-31.558,31.559s14.128,31.558,31.558,31.558 c49.641,0,165.99,59.634,165.99,175.279c0,17.431,14.128,31.559,31.558,31.559c17.431,0,31.559-14.128,31.559-31.559 C1295.773,328.101,1146.624,246.225,1066.667,246.225z\"><\/path><path d=\"M209.331,712.881c0-17.43-14.128-31.558-31.558-31.558H34.686c-17.43,0-31.558,14.128-31.558,31.558 s14.128,31.558,31.558,31.558h143.087C195.203,744.439,209.331,730.312,209.331,712.881z\"><\/path><path d=\"M220.157,300.096c6.164,6.163,14.239,9.245,22.317,9.245c8.075,0,16.153-3.082,22.313-9.241 c12.328-12.328,12.328-32.307,0.004-44.629L163.623,154.297c-12.318-12.319-32.303-12.323-44.63-0.004 c-12.327,12.327-12.327,32.307-0.004,44.63L220.157,300.096z\"><\/path><path d=\"M220.17,1125.662l-101.178,101.174c-12.327,12.327-12.327,32.307-0.004,44.634 c6.164,6.164,14.238,9.246,22.317,9.246c8.074,0,16.153-3.082,22.312-9.246l101.179-101.173 c12.327-12.327,12.327-32.307,0.004-44.625C252.478,1113.344,232.493,1113.344,220.17,1125.662z\"><\/path><path d=\"M1765.314,681.323h-143.083c-17.43,0-31.559,14.128-31.559,31.558s14.129,31.558,31.559,31.558h143.083 c17.43,0,31.558-14.128,31.558-31.558S1782.744,681.323,1765.314,681.323z\"><\/path><path d=\"M1557.521,309.341c8.074,0,16.153-3.082,22.316-9.241l101.174-101.173 c12.322-12.327,12.322-32.307,0-44.634c-12.328-12.319-32.307-12.319-44.635,0l-101.173,101.173 c-12.323,12.328-12.323,32.307,0,44.634C1541.368,306.259,1549.447,309.341,1557.521,309.341z\"><\/path><path d=\"M1579.829,1125.662c-12.318-12.318-32.302-12.318-44.63,0.01c-12.323,12.318-12.323,32.298,0.005,44.625 l101.178,101.173c6.159,6.164,14.238,9.246,22.312,9.246c8.075,0,16.154-3.082,22.318-9.246 c12.322-12.327,12.322-32.307-0.005-44.634L1579.829,1125.662z\"><\/path><\/svg><\/span><\/div>\n\n\n\n<h3 id=\"wp-block-themeisle-blocks-advanced-heading-bacc3ab4\" class=\"wp-block-themeisle-blocks-advanced-heading wp-block-themeisle-blocks-advanced-heading-bacc3ab4\"><strong>Cr\u00e9ativit\u00e9 et innovation<\/strong><\/h3>\n\n\n\n<p class=\"has-text-align-center\">Sans se conformer \u00e0 la norme, nous nous sommes pouss\u00e9s \u00e0 la limite de notre cr\u00e9ativit\u00e9 et de notre capacit\u00e9 d'innovation pour concevoir notre prototype.<\/p>\n<\/div>\n<\/div><\/div>\n<\/div>\n<\/div><\/div>\n\n\n\n<h2 id=\"wp-block-themeisle-blocks-advanced-heading-f7e377ef\" class=\"wp-block-themeisle-blocks-advanced-heading wp-block-themeisle-blocks-advanced-heading-f7e377ef o-typing-delay-100ms o-typing-slower\"><strong><o-anim-typing>D\u00e9couvrez les sous-marins actifs<\/o-anim-typing><\/strong><\/h2>\n\n\n\n<div class=\"wp-block-columns is-layout-flex wp-container-core-columns-is-layout-28f84493 wp-block-columns-is-layout-flex\">\n<div class=\"wp-block-column is-layout-flow wp-block-column-is-layout-flow\" style=\"flex-basis:100%\">\n<div class=\"wp-block-columns is-layout-flex wp-container-core-columns-is-layout-28f84493 wp-block-columns-is-layout-flex\">\n<div class=\"wp-block-column is-layout-flow wp-block-column-is-layout-flow\">\n<h2 class=\"wp-block-heading has-text-align-center\">AUV 7<\/h2>\n\n\n\n<figure class=\"wp-block-image size-large is-resized\"><img loading=\"lazy\" decoding=\"async\" width=\"1024\" height=\"470\" src=\"https:\/\/sonia.etsmtl.ca\/wp-content\/uploads\/2024\/03\/AUV7-filigrame-sansFond-1024x470.png\" alt=\"\" class=\"wp-image-17963\" style=\"width:551px;height:auto\" srcset=\"https:\/\/sonia.etsmtl.ca\/wp-content\/uploads\/2024\/03\/AUV7-filigrame-sansFond-1024x470.png 1024w, https:\/\/sonia.etsmtl.ca\/wp-content\/uploads\/2024\/03\/AUV7-filigrame-sansFond-300x138.png 300w, https:\/\/sonia.etsmtl.ca\/wp-content\/uploads\/2024\/03\/AUV7-filigrame-sansFond-18x8.png 18w, https:\/\/sonia.etsmtl.ca\/wp-content\/uploads\/2024\/03\/AUV7-filigrame-sansFond.png 1350w\" sizes=\"auto, (max-width: 1024px) 100vw, 1024px\" \/><\/figure>\n\n\n\n<div class=\"wp-block-buttons is-content-justification-center is-layout-flex wp-container-core-buttons-is-layout-a89b3969 wp-block-buttons-is-layout-flex\">\n<div class=\"wp-block-button\"><a class=\"wp-block-button__link has-background wp-element-button\" href=\"https:\/\/sonia.etsmtl.ca\/fr\/auv7\/\" style=\"background-color:#024265\">Voir plus<\/a><\/div>\n<\/div>\n<\/div>\n\n\n\n<div class=\"wp-block-column is-layout-flow wp-block-column-is-layout-flow\">\n<h2 class=\"wp-block-heading has-text-align-center\">AUV 8<\/h2>\n\n\n\n<figure class=\"wp-block-image size-large is-resized\"><img loading=\"lazy\" decoding=\"async\" width=\"1024\" height=\"493\" src=\"https:\/\/sonia.etsmtl.ca\/wp-content\/uploads\/2024\/03\/AUV8-filigrammev2-sansFond-1024x493.png\" alt=\"\" class=\"wp-image-17964\" style=\"width:528px;height:auto\" srcset=\"https:\/\/sonia.etsmtl.ca\/wp-content\/uploads\/2024\/03\/AUV8-filigrammev2-sansFond-1024x493.png 1024w, https:\/\/sonia.etsmtl.ca\/wp-content\/uploads\/2024\/03\/AUV8-filigrammev2-sansFond-300x144.png 300w, https:\/\/sonia.etsmtl.ca\/wp-content\/uploads\/2024\/03\/AUV8-filigrammev2-sansFond-18x9.png 18w, https:\/\/sonia.etsmtl.ca\/wp-content\/uploads\/2024\/03\/AUV8-filigrammev2-sansFond.png 1350w\" sizes=\"auto, (max-width: 1024px) 100vw, 1024px\" \/><\/figure>\n\n\n\n<div class=\"wp-block-buttons is-content-justification-center is-layout-flex wp-container-core-buttons-is-layout-a89b3969 wp-block-buttons-is-layout-flex\">\n<div class=\"wp-block-button\"><a class=\"wp-block-button__link has-background wp-element-button\" href=\"https:\/\/sonia.etsmtl.ca\/fr\/auv8-5\/\" style=\"background-color:#024265\">Voir plus<\/a><\/div>\n<\/div>\n<\/div>\n<\/div>\n<\/div>\n<\/div>\n\n\n\n<div style=\"height:44px\" aria-hidden=\"true\" class=\"wp-block-spacer\"><\/div>\n\n\n\n<h2 class=\"wp-block-heading has-text-align-center\">Suivez nous !<\/h2>\n\n\n\t\t<div id=\"instagram-gallery-feed-qligg-0\" class=\"instagram-gallery-feed\" data-feed=\"{&quot;id&quot;:&quot;qligg-0&quot;,&quot;account_id&quot;:&quot;7741726399191648&quot;,&quot;layout&quot;:&quot;carousel&quot;,&quot;source&quot;:&quot;username&quot;,&quot;tag&quot;:&quot;wordpress&quot;,&quot;order_by&quot;:&quot;top_media&quot;,&quot;limit&quot;:12,&quot;columns&quot;:3,&quot;spacing&quot;:10,&quot;lazy&quot;:false,&quot;responsive&quot;:{&quot;desktop&quot;:{&quot;columns&quot;:3,&quot;spacing&quot;:10},&quot;tablet&quot;:{&quot;columns&quot;:2,&quot;spacing&quot;:8},&quot;mobile&quot;:{&quot;columns&quot;:1,&quot;spacing&quot;:6},&quot;breakpoints&quot;:{&quot;tablet&quot;:768,&quot;mobile&quot;:480}},&quot;aspect_ratio&quot;:{&quot;width&quot;:1,&quot;height&quot;:1},&quot;highlight&quot;:{&quot;tag&quot;:&quot;&quot;,&quot;id&quot;:&quot;&quot;,&quot;position&quot;:&quot;1,3,5&quot;},&quot;reel&quot;:{&quot;hide&quot;:false},&quot;copyright&quot;:{&quot;hide&quot;:false,&quot;placeholder&quot;:&quot;&quot;},&quot;profile&quot;:{&quot;display&quot;:false,&quot;username&quot;:&quot;&quot;,&quot;nickname&quot;:&quot;&quot;,&quot;website&quot;:&quot;&quot;,&quot;biography&quot;:&quot;&quot;,&quot;link_text&quot;:&quot;Follow&quot;,&quot;website_text&quot;:&quot;Website&quot;,&quot;avatar&quot;:&quot;&quot;},&quot;box&quot;:{&quot;display&quot;:false,&quot;padding&quot;:1,&quot;radius&quot;:0,&quot;background&quot;:&quot;#fefefe&quot;,&quot;profile&quot;:false,&quot;desc&quot;:&quot;&quot;,&quot;text_color&quot;:&quot;#000000&quot;},&quot;mask&quot;:{&quot;display&quot;:true,&quot;background&quot;:&quot;#000000&quot;,&quot;icon_color&quot;:&quot;#ffffff&quot;,&quot;likes_count&quot;:true,&quot;comments_count&quot;:true},&quot;card&quot;:{&quot;display&quot;:false,&quot;radius&quot;:1,&quot;font_size&quot;:12,&quot;background&quot;:&quot;#ffffff&quot;,&quot;background_hover&quot;:&quot;&quot;,&quot;text_color&quot;:&quot;#000000&quot;,&quot;padding&quot;:5,&quot;likes_count&quot;:true,&quot;text_length&quot;:10,&quot;comments_count&quot;:true,&quot;text_align&quot;:&quot;left&quot;},&quot;carousel&quot;:{&quot;centered_slides&quot;:false,&quot;autoplay&quot;:false,&quot;autoplay_interval&quot;:3000,&quot;navarrows&quot;:true,&quot;navarrows_color&quot;:&quot;&quot;,&quot;pagination&quot;:true,&quot;pagination_color&quot;:&quot;&quot;},&quot;modal&quot;:{&quot;display&quot;:true,&quot;profile&quot;:true,&quot;media_description&quot;:true,&quot;likes_count&quot;:true,&quot;comments_count&quot;:true,&quot;comments_list&quot;:false,&quot;text_align&quot;:&quot;left&quot;,&quot;modal_align&quot;:&quot;right&quot;,&quot;text_length&quot;:10000,&quot;font_size&quot;:12},&quot;button&quot;:{&quot;display&quot;:true,&quot;text&quot;:&quot;View on Instagram&quot;,&quot;text_color&quot;:&quot;#ffff&quot;,&quot;background&quot;:&quot;&quot;,&quot;background_hover&quot;:&quot;&quot;},&quot;button_load&quot;:{&quot;display&quot;:false,&quot;text&quot;:&quot;Load more...&quot;,&quot;text_color&quot;:&quot;#ffff&quot;,&quot;background&quot;:&quot;&quot;,&quot;background_hover&quot;:&quot;&quot;},&quot;hasCustomCSS&quot;:false,&quot;customCSS&quot;:&quot;&quot;,&quot;TrpContentRestriction&quot;:{&quot;restriction_type&quot;:&quot;exclude&quot;,&quot;selected_languages&quot;:[],&quot;panel_open&quot;:true},&quot;otterConditions&quot;:[]}\">\n\t\t<!-- <FeedContainer\/> -->\n\t\t<\/div>\n\t\t<\/div>\n<\/div>\n\n\n\n<div style=\"height:51px\" aria-hidden=\"true\" class=\"wp-block-spacer\"><\/div>\n\n\n\n<div class=\"wp-block-group alignfull has-background-background-color has-background has-global-padding is-layout-constrained wp-block-group-is-layout-constrained\" style=\"margin-top:0px;margin-bottom:0px;padding-top:var(--wp--preset--spacing--xx-large);padding-bottom:var(--wp--preset--spacing--xx-large)\">\n<div class=\"wp-block-group alignwide is-layout-flow wp-container-core-group-is-layout-5dcfa7ce wp-block-group-is-layout-flow\" style=\"padding-top:var(--wp--preset--spacing--medium);padding-right:var(--wp--preset--spacing--small);padding-bottom:var(--wp--preset--spacing--medium);padding-left:var(--wp--preset--spacing--small)\">\n<div class=\"wp-block-media-text is-stacked-on-mobile\"><figure class=\"wp-block-media-text__media\"><img loading=\"lazy\" decoding=\"async\" width=\"1024\" height=\"683\" src=\"https:\/\/sonia.etsmtl.ca\/wp-content\/uploads\/2021\/06\/IMG_1268-1024x683.jpg\" alt=\"\" class=\"wp-image-17243 size-full\" srcset=\"https:\/\/sonia.etsmtl.ca\/wp-content\/uploads\/2021\/06\/IMG_1268-1024x683.jpg 1024w, https:\/\/sonia.etsmtl.ca\/wp-content\/uploads\/2021\/06\/IMG_1268-300x200.jpg 300w, https:\/\/sonia.etsmtl.ca\/wp-content\/uploads\/2021\/06\/IMG_1268-768x512.jpg 768w, https:\/\/sonia.etsmtl.ca\/wp-content\/uploads\/2021\/06\/IMG_1268-1536x1024.jpg 1536w, https:\/\/sonia.etsmtl.ca\/wp-content\/uploads\/2021\/06\/IMG_1268-2048x1365.jpg 2048w, https:\/\/sonia.etsmtl.ca\/wp-content\/uploads\/2021\/06\/IMG_1268-16x12.jpg 16w, https:\/\/sonia.etsmtl.ca\/wp-content\/uploads\/2021\/06\/IMG_1268-24x16.jpg 24w, https:\/\/sonia.etsmtl.ca\/wp-content\/uploads\/2021\/06\/IMG_1268-36x24.jpg 36w, https:\/\/sonia.etsmtl.ca\/wp-content\/uploads\/2021\/06\/IMG_1268-48x32.jpg 48w\" sizes=\"auto, (max-width: 1024px) 100vw, 1024px\" \/><\/figure><div class=\"wp-block-media-text__content\">\n<h1 class=\"wp-block-heading has-text-align-center\">Envie de rejoindre l'\u00e9quipage ?<\/h1>\n\n\n\n<p class=\"has-text-align-center\">Passez \u00e0 l'\u00e9tape suivante et rejoignez notre \u00e9quipe, contactez-nous !<\/p>\n\n\n\n<div class=\"wp-block-buttons is-content-justification-center is-layout-flex wp-container-core-buttons-is-layout-2af897fb wp-block-buttons-is-layout-flex\" style=\"margin-top:var(--wp--preset--spacing--medium)\">\n<div class=\"wp-block-button\"><a class=\"wp-block-button__link has-background wp-element-button\" href=\"https:\/\/sonia.etsmtl.ca\/fr\/contact-us\/\" style=\"background-color:#024265\">Contactez nous<\/a><\/div>\n<\/div>\n<\/div><\/div>\n<\/div>\n<\/div>\n\n\n\n<div style=\"height:61px\" aria-hidden=\"true\" class=\"wp-block-spacer\"><\/div>","protected":false},"excerpt":{"rendered":"<p>AUV 7 AUV 8 Follow us ! Want to join the crew ? Take the next step and join our team, contact us !<\/p>","protected":false},"author":4,"featured_media":17402,"parent":0,"menu_order":0,"comment_status":"closed","ping_status":"closed","template":"","meta":{"_themeisle_gutenberg_block_has_review":false,"footnotes":""},"class_list":["post-5","page","type-page","status-publish","has-post-thumbnail","hentry"],"_links":{"self":[{"href":"https:\/\/sonia.etsmtl.ca\/fr\/wp-json\/wp\/v2\/pages\/5","targetHints":{"allow":["GET"]}}],"collection":[{"href":"https:\/\/sonia.etsmtl.ca\/fr\/wp-json\/wp\/v2\/pages"}],"about":[{"href":"https:\/\/sonia.etsmtl.ca\/fr\/wp-json\/wp\/v2\/types\/page"}],"author":[{"embeddable":true,"href":"https:\/\/sonia.etsmtl.ca\/fr\/wp-json\/wp\/v2\/users\/4"}],"replies":[{"embeddable":true,"href":"https:\/\/sonia.etsmtl.ca\/fr\/wp-json\/wp\/v2\/comments?post=5"}],"version-history":[{"count":0,"href":"https:\/\/sonia.etsmtl.ca\/fr\/wp-json\/wp\/v2\/pages\/5\/revisions"}],"wp:featuredmedia":[{"embeddable":true,"href":"https:\/\/sonia.etsmtl.ca\/fr\/wp-json\/wp\/v2\/media\/17402"}],"wp:attachment":[{"href":"https:\/\/sonia.etsmtl.ca\/fr\/wp-json\/wp\/v2\/media?parent=5"}],"curies":[{"name":"wp","href":"https:\/\/api.w.org\/{rel}","templated":true}]}}