{"id":17980,"date":"2024-05-04T17:55:28","date_gmt":"2024-05-04T17:55:28","guid":{"rendered":"https:\/\/sonia.etsmtl.ca\/?page_id=17980"},"modified":"2025-06-22T04:39:10","modified_gmt":"2025-06-22T04:39:10","slug":"electrical-team","status":"publish","type":"page","link":"https:\/\/sonia.etsmtl.ca\/fr\/electrical-team\/","title":{"rendered":"\u00c9quipe \u00c9lectrique"},"content":{"rendered":"<p>\n\n\n<div class=\"wp-block-media-text is-stacked-on-mobile\" style=\"grid-template-columns:38% auto\"><figure class=\"wp-block-media-text__media\"><img loading=\"lazy\" decoding=\"async\" width=\"1024\" height=\"683\" src=\"https:\/\/sonia.etsmtl.ca\/wp-content\/uploads\/2025\/06\/Photo-Equipe-ELE-1024x683.jpg\" alt=\"\" class=\"wp-image-18309 size-full\" srcset=\"https:\/\/sonia.etsmtl.ca\/wp-content\/uploads\/2025\/06\/Photo-Equipe-ELE-1024x683.jpg 1024w, https:\/\/sonia.etsmtl.ca\/wp-content\/uploads\/2025\/06\/Photo-Equipe-ELE-300x200.jpg 300w, https:\/\/sonia.etsmtl.ca\/wp-content\/uploads\/2025\/06\/Photo-Equipe-ELE-2000x1333.jpg 2000w, https:\/\/sonia.etsmtl.ca\/wp-content\/uploads\/2025\/06\/Photo-Equipe-ELE-scaled-18x12.jpg 18w\" sizes=\"auto, (max-width: 1024px) 100vw, 1024px\" \/><\/figure><div class=\"wp-block-media-text__content\">\n<p class=\"ticss-da155e39 has-medium-font-size\">D\u00e9couvrez l'\u00e9quipe \u00e9lectrique, responsable du d\u00e9veloppement, des tests et du d\u00e9ploiement de la plupart des sous-syst\u00e8mes \u00e9lectriques \u00e0 bord des sous-marins. Parmi ces sous-syst\u00e8mes, on trouve\u00a0: <\/p>\n\n\n\n<ul class=\"wp-block-list\">\n<li>La distribution de puissance;<\/li>\n\n\n\n<li>L'interface de contr\u00f4le des moteurs;<\/li>\n\n\n\n<li>L'interface de la kill-switch et de la mission-switch;<\/li>\n\n\n\n<li>Le syst\u00e8me de contr\u00f4le des actionneurs;<\/li>\n\n\n\n<li>Le syst\u00e8me de communication inter-composants;<\/li>\n\n\n\n<li>Le syst\u00e8me de sonar passif.<\/li>\n<\/ul>\n\n\n\n<p class=\"ticss-da155e39 has-medium-font-size\">Ces sous-syst\u00e8mes ont \u00e9t\u00e9 mis en place \u00e0 l'aide de PCB personnalis\u00e9s avec du code embarqu\u00e9, tous deux d\u00e9velopp\u00e9s par des membres de l'\u00e9quipe.<\/p>\n<\/div><\/div>\n\n\n\n<p class=\"ticss-da155e39 has-medium-font-size\">Un aspect important de notre \u00e9quipe est la conception du faisceau de c\u00e2bles pour les sous-marins. En effet, l\u2019espace \u00e0 l\u2019int\u00e9rieur du sous-marin est limit\u00e9 et cr\u00e9er un harnais optimal pour permettre des r\u00e9parations rapides tout en laissant suffisamment d\u2019espace pour les am\u00e9liorations futures est toujours un grand d\u00e9fi !<\/p>\n\n\n\n<h1 class=\"wp-block-heading\">Projets \u00e9lectriques<\/h1>\n\n\n\n<hr class=\"wp-block-separator has-alpha-channel-opacity\"\/>\n\n\n<div class=\"rt-container-fluid tlp-portfolio tlp-portfolio-container\" id=\"tlp-portfolio-container-17244\" data-layout=\"layout1\"><div class=\"rt-row layout1\" data-title='Loading ...'>\r\n<div class=\"tlp-col-md-4 tlp-col-sm-6 tlp-col-xs-12 tlp-single-item tlp-grid-item tlp-equal-height\">\r\n\t<div class=\"tlp-portfolio-item\">\r\n\t\t\t\t\t\t\t\t\t<div class=\"tlp-portfolio-thum tlp-item\">\r\n\t\t\t<img loading=\"lazy\" decoding=\"async\" width=\"300\" height=\"169\" src=\"https:\/\/sonia.etsmtl.ca\/wp-content\/uploads\/2021\/06\/bras-300x169.jpg\" class=\"img-responsive\" alt=\"\" \/>\r\n\t\t\t<div class=\"tlp-overlay\">\r\n\t\t\t\t<p class=\"link-icon\">\r\n\t\t\t\t\t<a class=\"tlp-zoom\" href=\"https:\/\/sonia.etsmtl.ca\/wp-content\/uploads\/2021\/06\/bras.jpg\" aria-label=\"Entr\u00e9es et sorties\"><i class=\"demo-icon icon-zoom-in\"><\/i><\/a>\r\n\t\t\t\t\t\r\n\t\t\t\t<\/p>\r\n\t\t\t<\/div>\r\n\t\t<\/div><div class=\"tlp-content\">\r\n                        <div class=\"tlp-content-holder\">\r\n                            <h3>Entr\u00e9es et sorties<\/h3>\r\n                            <div class=\"extra-features\"> <div class=\"tlp-portfolio-sd\">Des accessoires tels que des lance torpilles, un bras robotique et des \u00abdroppers\u00bb son positionn\u00e9s sur le sous-marin. Pour assurer le bon fonctionnement de ces derniers, un bon fonctionnement du c\u00f4t\u00e9 \u00e9lectrique est de mise.<\/div> <\/div>\r\n                        <\/div>\r\n                    <\/div>\t<\/div>\r\n<\/div>\r\n\r\n\r\n<div class=\"tlp-col-md-4 tlp-col-sm-6 tlp-col-xs-12 tlp-single-item tlp-grid-item tlp-equal-height\">\r\n\t<div class=\"tlp-portfolio-item\">\r\n\t\t\t\t\t\t\t\t\t<div class=\"tlp-portfolio-thum tlp-item\">\r\n\t\t\t<img loading=\"lazy\" decoding=\"async\" width=\"300\" height=\"169\" src=\"https:\/\/sonia.etsmtl.ca\/wp-content\/uploads\/2021\/06\/Power-e1686597642354-300x169.webp\" class=\"img-responsive\" alt=\"\" \/>\r\n\t\t\t<div class=\"tlp-overlay\">\r\n\t\t\t\t<p class=\"link-icon\">\r\n\t\t\t\t\t<a class=\"tlp-zoom\" href=\"https:\/\/sonia.etsmtl.ca\/wp-content\/uploads\/2021\/06\/Power-e1686597642354.webp\" aria-label=\"Power\"><i class=\"demo-icon icon-zoom-in\"><\/i><\/a>\r\n\t\t\t\t\t\r\n\t\t\t\t<\/p>\r\n\t\t\t<\/div>\r\n\t\t<\/div><div class=\"tlp-content\">\r\n                        <div class=\"tlp-content-holder\">\r\n                            <h3>Power<\/h3>\r\n                            <div class=\"extra-features\"> <div class=\"tlp-portfolio-sd\">Les syst\u00e8mes \u00e9lectroniques modernes n\u00e9cessitent souvent une r\u00e9gulation de tension pour fonctionner correctement. Dans le cas des sous-marins de S.O.N.I.A., la tension des batteries lithium-polym\u00e8re doit \u00eatre r\u00e9duite \u00e0 un niveau adapt\u00e9 aux composants \u00e9lectroniques \u00e0 faible puissance. Le syst\u00e8me d'alimentation doit \u00e9galement g\u00e9rer la distribution de puissance vers les huit moteurs.<\/div> <\/div>\r\n                        <\/div>\r\n                    <\/div>\t<\/div>\r\n<\/div>\r\n\r\n\r\n<div class=\"tlp-col-md-4 tlp-col-sm-6 tlp-col-xs-12 tlp-single-item tlp-grid-item tlp-equal-height\">\r\n\t<div class=\"tlp-portfolio-item\">\r\n\t\t\t\t\t\t\t\t\t<div class=\"tlp-portfolio-thum tlp-item\">\r\n\t\t\t<img loading=\"lazy\" decoding=\"async\" width=\"300\" height=\"169\" src=\"https:\/\/sonia.etsmtl.ca\/wp-content\/uploads\/2023\/06\/PCB-e1686597672384-300x169.png\" class=\"img-responsive\" alt=\"\" \/>\r\n\t\t\t<div class=\"tlp-overlay\">\r\n\t\t\t\t<p class=\"link-icon\">\r\n\t\t\t\t\t<a class=\"tlp-zoom\" href=\"https:\/\/sonia.etsmtl.ca\/wp-content\/uploads\/2023\/06\/PCB-e1686597672384.png\" aria-label=\"Conception de PCB\"><i class=\"demo-icon icon-zoom-in\"><\/i><\/a>\r\n\t\t\t\t\t\r\n\t\t\t\t<\/p>\r\n\t\t\t<\/div>\r\n\t\t<\/div><div class=\"tlp-content\">\r\n                        <div class=\"tlp-content-holder\">\r\n                            <h3>Conception de PCB<\/h3>\r\n                            <div class=\"extra-features\"> <div class=\"tlp-portfolio-sd\">L'\u00e9quipe \u00e9lectrique con\u00e7oit plusieurs PCB pour diff\u00e9rents syst\u00e8mes sur le sous-marin. Ils passent par les \u00e9tapes de conception du sch\u00e9ma \u00e9lectrique, la conception du PCB, la commande, la soudure ainsi que les tests. (Outils : Altium)<\/div> <\/div>\r\n                        <\/div>\r\n                    <\/div>\t<\/div>\r\n<\/div>\r\n\r\n\r\n<div class=\"tlp-col-md-4 tlp-col-sm-6 tlp-col-xs-12 tlp-single-item tlp-grid-item tlp-equal-height\">\r\n\t<div class=\"tlp-portfolio-item\">\r\n\t\t\t\t\t\t\t\t\t<div class=\"tlp-portfolio-thum tlp-item\">\r\n\t\t\t<img loading=\"lazy\" decoding=\"async\" width=\"300\" height=\"169\" src=\"https:\/\/sonia.etsmtl.ca\/wp-content\/uploads\/2023\/06\/SysEmbarque-e1686597710747-300x169.png\" class=\"img-responsive\" alt=\"\" \/>\r\n\t\t\t<div class=\"tlp-overlay\">\r\n\t\t\t\t<p class=\"link-icon\">\r\n\t\t\t\t\t<a class=\"tlp-zoom\" href=\"https:\/\/sonia.etsmtl.ca\/wp-content\/uploads\/2023\/06\/SysEmbarque-e1686597710747.png\" aria-label=\"Syst\u00e8mes embarqu\u00e9s\"><i class=\"demo-icon icon-zoom-in\"><\/i><\/a>\r\n\t\t\t\t\t\r\n\t\t\t\t<\/p>\r\n\t\t\t<\/div>\r\n\t\t<\/div><div class=\"tlp-content\">\r\n                        <div class=\"tlp-content-holder\">\r\n                            <h3>Syst\u00e8mes embarqu\u00e9s<\/h3>\r\n                            <div class=\"extra-features\"> <div class=\"tlp-portfolio-sd\">Tous les syst\u00e8mes embarqu\u00e9s du sous-marin utilisent le syst\u00e8me d'exploitation Mbed OS sur des microcontr\u00f4leurs STM32F4. Les programmes de ces microcontr\u00f4leurs sont d\u00e9velopp\u00e9s et test\u00e9s par les membres de l'\u00e9quipe.<\/div> <\/div>\r\n                        <\/div>\r\n                    <\/div>\t<\/div>\r\n<\/div>\r\n\r\n\r\n<div class=\"tlp-col-md-4 tlp-col-sm-6 tlp-col-xs-12 tlp-single-item tlp-grid-item tlp-equal-height\">\r\n\t<div class=\"tlp-portfolio-item\">\r\n\t\t\t\t\t\t\t\t\t<div class=\"tlp-portfolio-thum tlp-item\">\r\n\t\t\t<img loading=\"lazy\" decoding=\"async\" width=\"300\" height=\"168\" src=\"https:\/\/sonia.etsmtl.ca\/wp-content\/uploads\/2021\/06\/hydro-300x168.png\" class=\"img-responsive\" alt=\"\" \/>\r\n\t\t\t<div class=\"tlp-overlay\">\r\n\t\t\t\t<p class=\"link-icon\">\r\n\t\t\t\t\t<a class=\"tlp-zoom\" href=\"https:\/\/sonia.etsmtl.ca\/wp-content\/uploads\/2021\/06\/hydro.png\" aria-label=\"Hydrophones\"><i class=\"demo-icon icon-zoom-in\"><\/i><\/a>\r\n\t\t\t\t\t\r\n\t\t\t\t<\/p>\r\n\t\t\t<\/div>\r\n\t\t<\/div><div class=\"tlp-content\">\r\n                        <div class=\"tlp-content-holder\">\r\n                            <h3>Hydrophones<\/h3>\r\n                            <div class=\"extra-features\"> <div class=\"tlp-portfolio-sd\">En g\u00e9n\u00e9ral, les hydrophones permettent de calculer le d\u00e9lai entre la r\u00e9ception d'un ping de la r\u00e9f\u00e9rence aux 3 autres hydrophones. Avec la diff\u00e9rence de phase, nous pouvons obtenir l'angle (cap) pour la r\u00e9f\u00e9rence X sur le sous-marin et l'angle entre le plan X et Y et le pinger. Ces 2 angles permettent de naviguer \u00e0 2 positions. Seul le cap serait n\u00e9cessaire pour la comp\u00e9tition, mais le syst\u00e8me est plus fiable avec les 2 angles et il est plus facile de confirmer le mouvement du sous-marin.<\/div> <\/div>\r\n                        <\/div>\r\n                    <\/div>\t<\/div>\r\n<\/div>\r\n\r\n<\/div><\/div>","protected":false},"excerpt":{"rendered":"<p>An important aspect of our team is designing wire harness for the submarines. Indeed, space inside the submarine is scarce and creating a harness optimal in allowing quick repairs while allowing enough space for future improvements is always a big challenge! Electrical projects<\/p>","protected":false},"author":5,"featured_media":17981,"parent":0,"menu_order":0,"comment_status":"closed","ping_status":"closed","template":"","meta":{"_themeisle_gutenberg_block_has_review":false,"footnotes":""},"class_list":["post-17980","page","type-page","status-publish","has-post-thumbnail","hentry"],"_links":{"self":[{"href":"https:\/\/sonia.etsmtl.ca\/fr\/wp-json\/wp\/v2\/pages\/17980","targetHints":{"allow":["GET"]}}],"collection":[{"href":"https:\/\/sonia.etsmtl.ca\/fr\/wp-json\/wp\/v2\/pages"}],"about":[{"href":"https:\/\/sonia.etsmtl.ca\/fr\/wp-json\/wp\/v2\/types\/page"}],"author":[{"embeddable":true,"href":"https:\/\/sonia.etsmtl.ca\/fr\/wp-json\/wp\/v2\/users\/5"}],"replies":[{"embeddable":true,"href":"https:\/\/sonia.etsmtl.ca\/fr\/wp-json\/wp\/v2\/comments?post=17980"}],"version-history":[{"count":0,"href":"https:\/\/sonia.etsmtl.ca\/fr\/wp-json\/wp\/v2\/pages\/17980\/revisions"}],"wp:featuredmedia":[{"embeddable":true,"href":"https:\/\/sonia.etsmtl.ca\/fr\/wp-json\/wp\/v2\/media\/17981"}],"wp:attachment":[{"href":"https:\/\/sonia.etsmtl.ca\/fr\/wp-json\/wp\/v2\/media?parent=17980"}],"curies":[{"name":"wp","href":"https:\/\/api.w.org\/{rel}","templated":true}]}}