{"id":17434,"date":"2022-01-19T01:31:36","date_gmt":"2022-01-19T01:31:36","guid":{"rendered":"https:\/\/sonia.etsmtl.ca\/?page_id=17434"},"modified":"2024-06-30T20:23:57","modified_gmt":"2024-06-30T20:23:57","slug":"competition","status":"publish","type":"page","link":"https:\/\/sonia.etsmtl.ca\/fr\/competition\/","title":{"rendered":"Qu\u00e9bec AUV Challenge"},"content":{"rendered":"<h3>C'est quoi la comp\u00e9tition?<\/h3>\n<p>Suite \u00e0 deux comp\u00e9titions en ligne, SONIA a d\u00e9cid\u00e9 d'organiser un petit concours convivial. L'objectif \u00e9tait de former la prochaine g\u00e9n\u00e9ration d'\u00e9tudiants et de tester nos progr\u00e8s depuis le d\u00e9but de la pand\u00e9mie dans un environnement comp\u00e9titif. <\/p>\n<p>Nous sommes tr\u00e8s heureux d\u2019annoncer que cette comp\u00e9tition fut un succ\u00e8s. De plus, nous avons appr\u00e9ci\u00e9 l'opportunit\u00e9 de voir le progr\u00e8s des autres \u00e9quipes en pr\u00e9sentiel (McGill and Trois-Rivi\u00e8res). <\/p>\n<p>Nous aimerions remercier @ncsm_hmcs_donnacona pour leur participation lors de la comp\u00e9tition. Leur aide dans cette comp\u00e9tition fut inestimable et nous aimerions r\u00e9p\u00e9ter l\u2019exp\u00e9rience avec eux. <\/p>\n<p>Aussi, nous voudrions remercier le personnel de l\u2019Aquad\u00f4me pour avoir h\u00e9berg\u00e9 la comp\u00e9tition pour une fin de semaine. Merci aussi \u00e0 tous les b\u00e9n\u00e9voles qui ont permis le bon d\u00e9roulement!<\/p>\n<h3>Comment?<\/h3>\n<p>Notre sous-marin est \u00e9quip\u00e9 de deux cam\u00e9ras, un DVL (Doppler Velocity Log), une unit\u00e9 de mesure inertielle (IMU) et trois hydrophones. Ces capteurs permettent au v\u00e9hicule d'entendre, de voir et de mesurer sa vitesse, son acc\u00e9l\u00e9ration et sa position sous l'eau. Il peut \u00e9galement mesurer avec pr\u00e9cision la distance pr\u00e9cise des objets devant vous. Afin d'interagir avec son environnement, l'AUV est \u00e9quip\u00e9 de huit propulseurs et d'un lanceur de torpilles.<\/p>\n\n\n\n<div id=\"wp-block-themeisle-blocks-advanced-columns-784450ff\" class=\"wp-block-themeisle-blocks-advanced-columns alignfull has-1-columns has-desktop-equal-layout has-tablet-equal-layout has-mobile-collapsedRows-layout has-vertical-center ticss-c00aadba\"><div class=\"wp-block-themeisle-blocks-advanced-columns-overlay\"><\/div><div class=\"innerblocks-wrap\">\n<div id=\"wp-block-themeisle-blocks-advanced-column-d0fbfc0a\" class=\"wp-block-themeisle-blocks-advanced-column\">\n<div id=\"wp-block-themeisle-blocks-advanced-columns-f32a2609\" class=\"wp-block-themeisle-blocks-advanced-columns has-1-columns has-desktop-equal-layout has-tablet-equal-layout has-mobile-equal-layout has-vertical-center\"><div class=\"wp-block-themeisle-blocks-advanced-columns-overlay\"><\/div><div class=\"innerblocks-wrap\">\n<div id=\"wp-block-themeisle-blocks-advanced-column-3567d86b\" class=\"wp-block-themeisle-blocks-advanced-column\">\n<div style=\"height:20px\" aria-hidden=\"true\" class=\"wp-block-spacer\"><\/div>\n<\/div>\n<\/div><\/div>\n\n\n\n<div id=\"wp-block-themeisle-blocks-advanced-columns-8085ff1f\" class=\"wp-block-themeisle-blocks-advanced-columns has-3-columns has-desktop-equal-layout has-tablet-equal-layout has-mobile-collapsedRows-layout has-vertical-top\"><div class=\"wp-block-themeisle-blocks-advanced-columns-overlay\"><\/div><div class=\"innerblocks-wrap\">\n<div id=\"wp-block-themeisle-blocks-advanced-column-adbc5601\" class=\"wp-block-themeisle-blocks-advanced-column\">\n<div id=\"wp-block-themeisle-blocks-font-awesome-icons-2851bd4e\" class=\"wp-block-themeisle-blocks-font-awesome-icons\"><span class=\"wp-block-themeisle-blocks-font-awesome-icons-container\"><svg xmlns=\"http:\/\/www.w3.org\/2000\/svg\" viewbox=\"0 0 1800 1800\"><line fill=\"none\" stroke=\"currentcolor\" stroke-width=\"10\" stroke-linecap=\"round\" stroke-linejoin=\"round\" stroke-miterlimit=\"10\" x1=\"904.328\" y1=\"1132.364\" x2=\"904.328\" y2=\"895.221\"><\/line><line fill=\"none\" stroke=\"currentcolor\" stroke-width=\"10\" stroke-linecap=\"round\" stroke-linejoin=\"round\" stroke-miterlimit=\"10\" x1=\"1122.56\" y1=\"1262.028\" x2=\"915.405\" y2=\"1146.604\"><\/line><line fill=\"none\" stroke=\"currentcolor\" stroke-width=\"10\" stroke-linecap=\"round\" stroke-linejoin=\"round\" stroke-miterlimit=\"10\" x1=\"686.239\" y1=\"1262.028\" x2=\"893.394\" y2=\"1146.604\"><\/line><path d=\"M974.697,512.844v-7.453c57.008-26.082,97.412-80.138,106.207-142.043 c24.032-8.717,40.98-31.933,40.98-58.221c0-22.63-12.225-42.889-31.146-53.695c1.969-6.164,3.585-12.379,4.831-18.586 c10.066-49.925-1.4-100.947-32.293-143.668c-30.385-42.033-76.063-71.018-128.615-81.617c-14.133-2.85-28.541-4.294-42.824-4.294 c-45.073,0-89.049,14.537-123.827,40.929c-35.818,27.174-60.31,65.782-68.967,108.718c-6.563,32.551-3.881,66.134,7.72,97.641 c-19.665,10.569-32.688,31.348-32.688,54.58c0,26.629,17.197,49.926,41.586,58.449c9.035,63.375,50.755,117.946,109.634,143.38 v5.885C703.003,540.551,618.678,632.024,618.678,738.92v28.549h106.436v-0.051h11.82v0.051h444.389V738.92 C1181.322,632.02,1096.998,540.551,974.697,512.844z M891.838,60.37c10.487,0,21.104,1.066,31.545,3.164 c38.423,7.75,71.671,28.738,93.623,59.098c20.469,28.305,28.713,61.591,23.443,94.254c-28.099-13.11-65.026-26.972-103.875-32.293 c-73.02-9.985-74.189-13.376-78.543-25.997l-13.939-40.344l-32.07,28.373c-3.413,3.005-29.25,25.717-59.067,50.42 c-0.821-10.957-0.134-21.943,2.067-32.853C767.147,104.033,824.688,60.37,891.838,60.37z M770.86,256.186 c20.026-16.2,39.808-32.93,54.121-45.206c19.836,17.894,50.771,22.927,103.848,30.187c36.003,4.926,71.31,19.343,96.846,32.006 v64.342c0,70.252-57.15,127.411-127.402,127.411c-70.257,0-127.412-57.159-127.412-127.411V256.186z M882.394,521.32 c11.808,1.04,23.542,0.916,35.208-0.313v17.627l-17.653,9.783l-17.554-9.753V521.32z M678.691,710.336 c13.105-63.942,69.255-117.096,146.604-138.622v0.551l74.606,41.448l74.796-41.427v-0.572 c77.361,21.526,133.515,74.692,146.611,138.647l-384.611-0.047v0.021H678.691z\"><\/path><path d=\"M376.487,1542.108v-7.458c57.009-26.082,97.414-80.139,106.208-142.039 c24.032-8.717,40.98-31.932,40.98-58.221c0-22.635-12.225-42.885-31.146-53.699c1.969-6.164,3.584-12.379,4.835-18.586 c10.062-49.921-1.406-100.942-32.293-143.668c-30.39-42.029-76.063-71.013-128.615-81.608c-14.128-2.854-28.541-4.298-42.829-4.298 c-45.072,0-89.049,14.537-123.827,40.929c-35.818,27.174-60.314,65.782-68.971,108.718c-6.559,32.551-3.877,66.139,7.724,97.641 c-19.665,10.57-32.689,31.349-32.689,54.576c0,26.633,17.198,49.93,41.583,58.449c9.035,63.375,50.755,117.947,109.638,143.385 v5.88c-122.292,27.707-206.617,119.176-206.617,226.067v28.558h106.436v-0.12h11.816v0.12h444.393v-28.558 C583.113,1661.284,498.788,1569.815,376.487,1542.108z M293.628,1089.631c10.488,0,21.105,1.065,31.545,3.172 c38.423,7.745,71.675,28.729,93.622,59.094c20.478,28.309,28.718,61.604,23.443,94.254c-28.103-13.11-65.034-26.977-103.874-32.294 c-73.02-9.985-74.189-13.38-78.548-25.996l-13.935-40.345l-32.092,28.391c-5.541,4.879-30.295,26.59-59.042,50.402 c-0.825-10.956-0.138-21.938,2.063-32.852C168.938,1133.297,226.476,1089.631,293.628,1089.631z M172.651,1285.445 c20.013-16.188,39.799-32.926,54.121-45.205c19.833,17.894,50.772,22.932,103.848,30.191c36.012,4.922,71.31,19.338,96.846,32.006 v64.342c0,70.252-57.155,127.406-127.403,127.406c-70.256,0-127.412-57.154-127.412-127.406V1285.445z M284.185,1550.584 c11.816,1.041,23.529,0.916,35.208-0.317v17.632l-17.657,9.778l-17.55-9.753V1550.584z M116.373,1739.6v0.025H80.474 c13.093-63.959,69.255-117.121,146.612-138.646v0.55l74.606,41.444l74.795-41.427v-0.567 c77.362,21.525,133.52,74.688,146.612,138.646l-384.611-0.051v0.025H116.373z\"><\/path><path d=\"M1572.91,1542.108v-7.458c57.009-26.082,97.414-80.139,106.207-142.039 c24.033-8.717,40.98-31.932,40.98-58.221c0-22.631-12.224-42.889-31.141-53.699c1.965-6.164,3.58-12.375,4.826-18.586 c10.067-49.921-1.4-100.942-32.293-143.668c-30.381-42.029-76.059-71.013-128.61-81.608c-14.129-2.854-28.537-4.298-42.833-4.298 c-45.068,0-89.045,14.537-123.822,40.929c-35.818,27.174-60.311,65.782-68.967,108.718c-6.564,32.551-3.882,66.13,7.719,97.641 c-19.664,10.57-32.688,31.349-32.688,54.576c0,26.633,17.198,49.93,41.587,58.449c9.035,63.379,50.754,117.951,109.633,143.385 v5.88c-122.296,27.707-206.621,119.176-206.621,226.067v28.558h106.436v-0.052h11.825v0.052h444.384v-28.558 C1779.531,1661.284,1695.207,1569.815,1572.91,1542.108z M1490.047,1089.631c10.488,0,21.104,1.065,31.55,3.172 c38.423,7.745,71.671,28.729,93.622,59.094c20.478,28.309,28.722,61.611,23.447,94.254c-28.103-13.11-65.033-26.977-103.883-32.294 c-73.016-9.985-74.185-13.38-78.539-26.001l-13.939-40.34l-32.151,28.442c-5.562,4.9-30.381,26.658-58.986,50.351 c-0.821-10.956-0.134-21.943,2.067-32.852C1365.36,1133.297,1422.894,1089.631,1490.047,1089.631z M1369.074,1285.445 c20.073-16.238,39.828-32.951,54.12-45.205c19.833,17.894,50.769,22.932,103.849,30.191c36.002,4.922,71.309,19.338,96.846,32.006 v64.342c0,70.252-57.15,127.406-127.403,127.406c-70.257,0-127.411-57.154-127.411-127.406V1285.445z M1480.607,1550.584 c11.803,1.041,23.533,0.912,35.203-0.317v17.632l-17.652,9.778l-17.551-9.753V1550.584z M1276.9,1739.6 c13.109-63.946,69.255-117.1,146.607-138.621v0.55l74.607,41.444l74.795-41.427v-0.567c77.37,21.521,133.52,74.688,146.612,138.646 l-384.616-0.051v0.025H1276.9z\"><\/path><\/svg><\/span><\/div>\n\n\n\n<h3 id=\"wp-block-themeisle-blocks-advanced-heading-bacc3ab4\" class=\"wp-block-themeisle-blocks-advanced-heading wp-block-themeisle-blocks-advanced-heading-bacc3ab4\">Nom<\/h3>\n\n\n\n<p class=\"has-text-align-center\">Qu\u00e9bec AUV Challenge<\/p>\n<\/div>\n\n\n\n<div id=\"wp-block-themeisle-blocks-advanced-column-dfb15c39\" class=\"wp-block-themeisle-blocks-advanced-column\">\n<div id=\"wp-block-themeisle-blocks-font-awesome-icons-c5fd27f1\" class=\"wp-block-themeisle-blocks-font-awesome-icons\"><span class=\"wp-block-themeisle-blocks-font-awesome-icons-container\"><svg xmlns=\"http:\/\/www.w3.org\/2000\/svg\" viewbox=\"0 0 1800 1800\"><path d=\"M899.993,1556.267l441.512-441.511c8.202-7.819,26.127-26.384,26.893-27.184l0.36-0.383 c110.946-118.997,172.046-274.141,172.046-436.851c0-353.342-287.463-640.805-640.803-640.805 c-353.342,0-640.805,287.463-640.805,640.805c0,162.714,61.1,317.857,172.038,436.851L899.993,1556.267z M900.001,71.159 c319.355,0,579.179,259.818,579.179,579.18c0,146.968-55.159,287.114-155.315,394.639c-5.202,5.387-19.292,19.873-25.095,25.383 L900.006,1469.1l-424.049-424.315C375.902,937.286,320.82,797.229,320.82,650.339C320.82,330.977,580.634,71.159,900.001,71.159z\"><\/path><path d=\"M998.745,225.279c110.577,0,325.781,120.91,325.781,342.553c0,17.018,13.789,30.812,30.812,30.812 c17.014,0,30.812-13.794,30.812-30.812c0-115.37-50.989-222.331-143.563-301.184c-73.464-62.566-169.175-102.994-243.842-102.994 c-17.014,0-30.812,13.794-30.812,30.813S981.731,225.279,998.745,225.279z\"><\/path><path d=\"M1286.716,1361.056c-24.003-9.809-49.854-18.548-77.134-26.264l-50.474,50.478 c148.765,35.502,240.488,98.79,240.488,157.599c0,87.962-205.171,185.974-499.596,185.974 c-294.417,0-499.597-98.012-499.597-185.974c0-58.805,91.723-122.097,240.488-157.599l-50.478-50.478 c-27.271,7.716-53.126,16.455-77.121,26.264c-112.537,45.995-174.513,110.563-174.513,181.813s61.977,135.817,174.513,181.813 c103.793,42.422,241.128,65.785,386.708,65.785c145.582,0,282.921-23.363,386.715-65.785 c112.536-45.995,174.504-110.563,174.504-181.813S1399.252,1407.051,1286.716,1361.056z\"><\/path><path d=\"M901.771,945.221c-171.172,0-310.434-139.256-310.434-310.425S730.599,324.37,901.771,324.37 c171.172,0,310.434,139.256,310.434,310.425S1072.943,945.221,901.771,945.221z M901.771,385.995 c-137.193,0-248.809,111.612-248.809,248.801s111.616,248.801,248.809,248.801c137.192,0,248.809-111.612,248.809-248.801 S1038.964,385.995,901.771,385.995z\"><\/path><\/svg><\/span><\/div>\n\n\n\n<h3 id=\"wp-block-themeisle-blocks-advanced-heading-3147d135\" class=\"wp-block-themeisle-blocks-advanced-heading wp-block-themeisle-blocks-advanced-heading-3147d135\">Lieu<\/h3>\n\n\n\n<p class=\"has-text-align-center\">Complexe aquatique Michel-Leduc (Aquad\u00f4me)<\/p>\n<\/div>\n\n\n\n<div id=\"wp-block-themeisle-blocks-advanced-column-ec09b220\" class=\"wp-block-themeisle-blocks-advanced-column ticss-ec09b220\">\n<div id=\"wp-block-themeisle-blocks-font-awesome-icons-1225333d\" class=\"wp-block-themeisle-blocks-font-awesome-icons\"><span class=\"wp-block-themeisle-blocks-font-awesome-icons-container\"><svg xmlns=\"http:\/\/www.w3.org\/2000\/svg\" viewbox=\"0 0 1800 1800\"><path d=\"M899.998,1797.179c-494.704,0-897.173-402.472-897.173-897.173c0-494.708,402.469-897.184,897.173-897.184 c494.708,0,897.179,402.476,897.179,897.184C1797.177,1394.707,1394.705,1797.179,899.998,1797.179z M899.998,65.818 c-459.966,0-834.176,374.215-834.176,834.188c0,459.964,374.21,834.176,834.176,834.176c459.97,0,834.183-374.212,834.183-834.176 C1734.181,440.033,1359.968,65.818,899.998,65.818z\"><\/path><path d=\"M899.998,1641.189c-408.689,0-741.183-332.492-741.183-741.184c0-408.695,332.494-741.194,741.183-741.194 c408.693,0,741.19,332.499,741.19,741.194C1641.188,1308.697,1308.69,1641.189,899.998,1641.189z M899.998,221.808 c-373.955,0-678.187,304.239-678.187,678.198c0,373.954,304.232,678.186,678.187,678.186 c373.957,0,678.193-304.231,678.193-678.186C1578.19,526.047,1273.954,221.808,899.998,221.808z\"><\/path><path d=\"M1408.631,842.445H973.452v-435.18c0-37.471-30.486-67.963-67.952-67.963h-7.172 c-37.457,0-67.953,30.493-67.953,67.963v503.141v7.154v0.008c0,37.476,30.496,67.963,67.953,67.963h7.172l0.052-0.009h503.079 c37.466,0,67.955-30.479,67.955-67.962v-7.154C1476.586,872.939,1446.097,842.445,1408.631,842.445z M880.452,407.265 c0-9.859,8.015-17.883,17.876-17.883h7.172c9.843,0,17.875,8.024,17.875,17.883v435.18h-25.047 c-6.178,0-12.164,0.909-17.876,2.469V407.265z M1426.508,917.56c0,9.852-8.034,17.884-17.877,17.884H970.975h-65.448h-7.199 c-9.861,0-17.876-8.032-17.876-17.884v-7.154c0-9.861,8.015-17.879,17.876-17.879h25.047h50.077h435.179 c9.843,0,17.877,8.018,17.877,17.879V917.56z\"><\/path><\/svg><\/span><\/div>\n\n\n\n<h3 id=\"wp-block-themeisle-blocks-advanced-heading-869a9c1f\" class=\"wp-block-themeisle-blocks-advanced-heading wp-block-themeisle-blocks-advanced-heading-869a9c1f\">Quand<\/h3>\n\n\n\n<p class=\"has-text-align-center\">20 et 21 novembre 2021<\/p>\n<\/div>\n<\/div><\/div>\n<\/div>\n<\/div><\/div>","protected":false},"excerpt":{"rendered":"","protected":false},"author":4,"featured_media":17418,"parent":0,"menu_order":0,"comment_status":"closed","ping_status":"closed","template":"","meta":{"_themeisle_gutenberg_block_has_review":false,"footnotes":""},"class_list":["post-17434","page","type-page","status-publish","has-post-thumbnail","hentry"],"_links":{"self":[{"href":"https:\/\/sonia.etsmtl.ca\/fr\/wp-json\/wp\/v2\/pages\/17434","targetHints":{"allow":["GET"]}}],"collection":[{"href":"https:\/\/sonia.etsmtl.ca\/fr\/wp-json\/wp\/v2\/pages"}],"about":[{"href":"https:\/\/sonia.etsmtl.ca\/fr\/wp-json\/wp\/v2\/types\/page"}],"author":[{"embeddable":true,"href":"https:\/\/sonia.etsmtl.ca\/fr\/wp-json\/wp\/v2\/users\/4"}],"replies":[{"embeddable":true,"href":"https:\/\/sonia.etsmtl.ca\/fr\/wp-json\/wp\/v2\/comments?post=17434"}],"version-history":[{"count":0,"href":"https:\/\/sonia.etsmtl.ca\/fr\/wp-json\/wp\/v2\/pages\/17434\/revisions"}],"wp:featuredmedia":[{"embeddable":true,"href":"https:\/\/sonia.etsmtl.ca\/fr\/wp-json\/wp\/v2\/media\/17418"}],"wp:attachment":[{"href":"https:\/\/sonia.etsmtl.ca\/fr\/wp-json\/wp\/v2\/media?parent=17434"}],"curies":[{"name":"wp","href":"https:\/\/api.w.org\/{rel}","templated":true}]}}